{"id":367,"date":"2020-03-21T21:47:14","date_gmt":"2020-03-21T21:47:14","guid":{"rendered":"http:\/\/www.sivait.com\/?page_id=367"},"modified":"2021-06-10T10:12:50","modified_gmt":"2021-06-10T10:12:50","slug":"empresa","status":"publish","type":"page","link":"https:\/\/www.sivait.com\/index.php\/empresa\/","title":{"rendered":"EMPRESA"},"content":{"rendered":"<div class=\"wpb-content-wrapper\">\n<div class=\"mk-page-section-wrapper\" data-mk-full-width=\"true\" data-mk-full-width-init=\"true\" data-mk-stretch-content=\"true\">\n\t<div id=\"page-section-1\" class=\"mk-page-section self-hosted   full_layout full-width-1 js-el js-master-row jupiter-donut-   \"    data-intro-effect=\"false\">\n\n\t\t\t\n\t\t\t<div class=\"mk-page-section-inner\">\n\t\t\t\t\n\n\n<div class=\"mk-video-color-mask\"><\/div>\n\n\t\t\t\t\n\t\t\t\t\t\t\t<\/div>\n\n\t\t\t\n        <div class=\"page-section-content vc_row-fluid page-section-fullwidth \" >\n            <div class=\"mk-padding-wrapper wpb_row\">\n<div class=\"vc_col-sm-12 wpb_column column_container  jupiter-donut- _ jupiter-donut-height-full\">\n\t\n<div id=\"padding-3\" class=\"mk-padding-divider jupiter-donut-  jupiter-donut-clearfix\"><\/div>\n\n<\/div>\n\n<div class=\"vc_col-sm-12 wpb_column column_container  jupiter-donut- _ jupiter-donut-height-full\">\n\t\n\n<div class=\"wpb_row vc_inner vc_row vc_row-fluid jupiter-donut-   attched-false   \">\n\t\t\t\t<div class=\"mk-grid\">\n\t\t\t<div class=\"wpb_column vc_column_container vc_col-sm-1\"><div class=\"vc_column-inner\"><div class=\"wpb_wrapper\"><\/div><\/div><\/div><div class=\"wpb_column vc_column_container vc_col-sm-10\"><div class=\"vc_column-inner\"><div class=\"wpb_wrapper\"><h1 style=\"text-align: center\" class=\"vc_custom_heading vc_do_custom_heading\" >EMPRESA<\/h1>\t<div class=\" vc_custom_1623318412485\">\n\n<div id=\"text-block-5\" class=\"mk-text-block  jupiter-donut- \">\n\n\t\n\t<h2 class=\"p1\"><span class=\"s1\">SIVAIT Instalaciones T\u00e9cnicas, SL, fundada l&#8217;any 2009, amb treballadors, personal t\u00e8cnic i directiu de llarga experi\u00e8ncia en el sector, t\u00e9 com objectiu ser una empresa de serveis globals, especialitzada en intal.lacions el\u00e8ctriques, fontaneria, climatitzaci\u00f3 i senyals d\u00e8bils, control i dom\u00f2tica, aix\u00ed com en el manteniment de les esmentades instal.lacions.<\/span><\/h2>\n\n\t<div class=\"clearboth\"><\/div>\n<\/div>\n\n\t<\/div>\n<\/div><\/div><\/div><div class=\"wpb_column vc_column_container vc_col-sm-1\"><div class=\"vc_column-inner\"><div class=\"wpb_wrapper\"><\/div><\/div><\/div>\t\t\t<\/div>\n\t<\/div>\n<\/div>\n\n<div class=\"vc_col-sm-12 wpb_column column_container  jupiter-donut- _ jupiter-donut-height-full\">\n\t\n<div id=\"padding-7\" class=\"mk-padding-divider jupiter-donut-  jupiter-donut-clearfix\"><\/div>\n\n<\/div>\n<\/div>\n            <div class=\"clearboth\"><\/div>\n        <\/div>\n\n\n\t\t\t\n\t\t\t\n\t\t\t<div class=\"mk-shape-divider mk-shape-divider--stick speech-bottom-style big-size mk-shape-divider--stick-bottom\" id=\"mk-shape-divider-8\">\n\t\t\t<div class=\"shape__container\">\n\t\t\t\t<div class=\"shape\">\n\t\t\t\t\n\t\t<div class=\"speech-left\"><\/div>\n<div class=\"speech-right\"><\/div>\n\t\t<div class=\"jupiter-donut-clearfix\"><\/div>\n\t<\/div>\n\t\t\t<\/div>\n\t\t<\/div>\n\t\t<div class=\"clearboth\"><\/div>\n\t<\/div>\n<\/div>\n<div class=\"vc_row-full-width vc_clearfix\"><\/div>\n\n\n<div class=\"mk-page-section-wrapper\" data-mk-full-width=\"true\" data-mk-full-width-init=\"true\" data-mk-stretch-content=\"true\">\n\t<div id=\"page-section-9\" class=\"mk-page-section self-hosted   full_layout full-width-9 js-el js-master-row jupiter-donut-   \"    data-intro-effect=\"false\">\n\n\t\t\t\n\t\t\t<div class=\"mk-page-section-inner\">\n\t\t\t\t\n\n\n<div class=\"mk-video-color-mask\"><\/div>\n\n\t\t\t\t\n\t\t\t\t\t\t\t<\/div>\n\n\t\t\t\n        <div class=\"page-section-content vc_row-fluid mk-grid \" >\n            <div class=\"mk-padding-wrapper wpb_row\">\n<div class=\"vc_col-sm-12 wpb_column column_container  jupiter-donut- _ jupiter-donut-height-full\">\n\t\n<div id=\"padding-11\" class=\"mk-padding-divider jupiter-donut-  jupiter-donut-clearfix\"><\/div>\n\n<\/div>\n\n<div class=\"vc_col-sm-12 wpb_column column_container  jupiter-donut- _ jupiter-donut-height-full\">\n\t\n\n<div class=\"wpb_row vc_inner vc_row vc_row-fluid jupiter-donut-   attched-false   \">\n\t\t\t\t<div class=\"mk-grid\">\n\t\t\t<div class=\"wpb_column vc_column_container vc_col-sm-12\"><div class=\"vc_column-inner\"><div class=\"wpb_wrapper\">\t<div class=\" vc_custom_1623319749952\">\n\n<div id=\"text-block-13\" class=\"mk-text-block  jupiter-donut- \">\n\n\t\n\t<h3>El nostre millor actiu, els nostres treballadors i t\u00e8cnics, estan formats en totes les disciplines que s\u00f3n necess\u00e0ries, amb una amplia experi\u00e8ncia, que ens permet complir amb les especificacions que ens sol.liciten els nostres clients, la normativa vigent, els par\u00e0metres interns de qualitat, i sobretot en el tema de riscos laborals.<\/h3>\n\n\t<div class=\"clearboth\"><\/div>\n<\/div>\n\n\t<\/div>\n<\/div><\/div><\/div>\t\t\t<\/div>\n\t<\/div>\n\n\n<div class=\"wpb_row vc_inner vc_row vc_row-fluid jupiter-donut-   attched-false   \">\n\t\t\t\t<div class=\"mk-grid\">\n\t\t\t<div class=\"wpb_column vc_column_container vc_col-sm-4\"><div class=\"vc_column-inner\"><div class=\"wpb_wrapper\">\t<div class=\" vc_custom_1623319777366\">\n\n<div id=\"text-block-14\" class=\"mk-text-block  jupiter-donut- \">\n\n\t\n\t<h4>Al marge de les instal.lacions el\u00e8ctriques, de climatitzaci\u00f3, fontaner\u00eda i sanejament a nivell industrial, creiem important destacar que podem realitzar, tantmateix, tot tipus d&#8217;instal.lacions complement\u00e0ries com:<\/h4>\n\n\t<div class=\"clearboth\"><\/div>\n<\/div>\n\n\t<\/div>\n<\/div><\/div><\/div><div class=\"wpb_column vc_column_container vc_col-sm-4\"><div class=\"vc_column-inner\"><div class=\"wpb_wrapper\">\t<div class=\" vc_custom_1623319964659\">\n\n<div id=\"text-block-15\" class=\"mk-text-block  jupiter-donut- \">\n\n\t\n\t<ul>\n<li class=\"p1\">\n<h5>Instal.lacions de Detecci\u00f3 d&#8217;Incendis<\/h5>\n<\/li>\n<li class=\"p1\">\n<h5>Instal.lacions de contraindencis<\/h5>\n<\/li>\n<li class=\"p1\">\n<h5>Antena de TV i FM<\/h5>\n<\/li>\n<li class=\"p1\">\n<h5>Instal.lacions solars<\/h5>\n<\/li>\n<li class=\"p1\">\n<h5>Parallams, (Protecci\u00f3 atmosf\u00e8rica)<\/h5>\n<\/li>\n<li class=\"p1\">\n<h5>Xarxes de terres especials, (Protecci\u00f3 Cat\u00f3dica)<\/h5>\n<\/li>\n<li class=\"p1\">\n<h5>Megafon\u00eda, Interfon\u00eda i Circu\u00efts Tancats de TV<\/h5>\n<\/li>\n<li class=\"p1\">\n<h5>Instal.lacions dins del Sector Naval<\/h5>\n<\/li>\n<\/ul>\n\n\t<div class=\"clearboth\"><\/div>\n<\/div>\n\n\t<\/div>\n<\/div><\/div><\/div><div class=\"wpb_column vc_column_container vc_col-sm-4\"><div class=\"vc_column-inner\"><div class=\"wpb_wrapper\">\t<div class=\" vc_custom_1623319854987\">\n\n<div id=\"text-block-16\" class=\"mk-text-block  jupiter-donut- \">\n\n\t\n\t<ul>\n<li class=\"p1\">\n<h5>Dom\u00f3tica<\/h5>\n<\/li>\n<li class=\"p1\">\n<h5>Locals amb risc d&#8217;incendis i explosi\u00f3<\/h5>\n<\/li>\n<li class=\"p1\">\n<h5>Manteniment industrial preventiu per locals de p\u00fablica concurr\u00e8ncia<\/h5>\n<\/li>\n<li class=\"p1\">\n<h5>Manteniment industrial de factories i edificis singulars<\/h5>\n<\/li>\n<\/ul>\n\n\t<div class=\"clearboth\"><\/div>\n<\/div>\n\n\t<\/div>\n<\/div><\/div><\/div>\t\t\t<\/div>\n\t<\/div>\n<\/div>\n\n<div class=\"vc_col-sm-12 wpb_column column_container  jupiter-donut- _ jupiter-donut-height-full\">\n\t\n<div id=\"padding-18\" class=\"mk-padding-divider jupiter-donut-  jupiter-donut-clearfix\"><\/div>\n\n<\/div>\n<\/div>\n            <div class=\"clearboth\"><\/div>\n        <\/div>\n\n\n\t\t\t\n\t\t\t\n\t\t\t\n\t\t<div class=\"clearboth\"><\/div>\n\t<\/div>\n<\/div>\n<div class=\"vc_row-full-width vc_clearfix\"><\/div>\n\n\n<div class=\"mk-page-section-wrapper\" data-mk-full-width=\"true\" data-mk-full-width-init=\"true\" data-mk-stretch-content=\"true\">\n\t<div id=\"page-section-19\" class=\"mk-page-section self-hosted   full_layout full-width-19 js-el js-master-row jupiter-donut-   \"    data-intro-effect=\"false\">\n\n\t\t\t<div class=\"mk-shape-divider mk-shape-divider--stick speech-top-style big-size mk-shape-divider--stick-top\" id=\"mk-shape-divider-20\">\n\t\t\t<div class=\"shape__container\">\n\t\t\t\t<div class=\"shape\">\n\t\t\t\t\n\t\t<div class=\"speech-left\"><\/div>\n<div class=\"speech-right\"><\/div>\n\t\t<div class=\"jupiter-donut-clearfix\"><\/div>\n\t<\/div>\n\t\t\t<\/div>\n\t\t<\/div>\n\t\t\t<div class=\"mk-page-section-inner\">\n\t\t\t\t\n\n\n<div class=\"mk-video-color-mask\"><\/div>\n\n\t\t\t\t\n\t\t\t\t\t\t\t<\/div>\n\n\t\t\t\n        <div class=\"page-section-content vc_row-fluid page-section-fullwidth fluid-width-equal-height-columns vertical-align-bottom\" >\n            <div class=\"mk-padding-wrapper wpb_row\">\n<div class=\"vc_col-sm-12 wpb_column column_container  jupiter-donut- _ jupiter-donut-height-full\">\n\t\n<div id=\"padding-22\" class=\"mk-padding-divider jupiter-donut-  jupiter-donut-clearfix\"><\/div>\n\n<\/div>\n<\/div>\n            <div class=\"clearboth\"><\/div>\n        <\/div>\n\n\n\t\t\t\n\t\t\t\n\t\t\t\n\t\t<div class=\"clearboth\"><\/div>\n\t<\/div>\n<\/div>\n<div class=\"vc_row-full-width vc_clearfix\"><\/div>\n\n\n<\/div>","protected":false},"excerpt":{"rendered":"EMPRESA SIVAIT Instalaciones T\u00e9cnicas, SL, fundada l'any 2009, amb treballadors, personal t\u00e8cnic i directiu de llarga experi\u00e8ncia en el sector, t\u00e9 com objectiu ser una empresa de serveis globals, especialitzada en intal.lacions el\u00e8ctriques, fontaneria, climatitzaci\u00f3 i senyals d\u00e8bils, control i dom\u00f2tica, aix\u00ed com en el manteniment de les esmentades instal.lacions. El nostre millor actiu, els [...]","protected":false},"author":1,"featured_media":0,"parent":0,"menu_order":0,"comment_status":"closed","ping_status":"closed","template":"","meta":{"spay_email":""},"yoast_head":"<!-- This site is optimized with the Yoast SEO plugin v16.7 - https:\/\/yoast.com\/wordpress\/plugins\/seo\/ -->\n<title>EMPRESA - SIVAIT<\/title>\n<meta name=\"robots\" content=\"index, follow, max-snippet:-1, max-image-preview:large, max-video-preview:-1\" \/>\n<link rel=\"canonical\" href=\"https:\/\/www.sivait.com\/index.php\/empresa\/\" \/>\n<meta property=\"og:locale\" content=\"ca_ES\" \/>\n<meta property=\"og:type\" content=\"article\" \/>\n<meta property=\"og:title\" content=\"EMPRESA - SIVAIT\" \/>\n<meta property=\"og:url\" content=\"https:\/\/www.sivait.com\/index.php\/empresa\/\" \/>\n<meta property=\"og:site_name\" content=\"SIVAIT\" \/>\n<meta property=\"article:modified_time\" content=\"2021-06-10T10:12:50+00:00\" \/>\n<meta name=\"twitter:card\" content=\"summary_large_image\" \/>\n<meta name=\"twitter:label1\" content=\"Temps estimat de lectura\" \/>\n\t<meta name=\"twitter:data1\" content=\"2 minuts\" \/>\n<script type=\"application\/ld+json\" class=\"yoast-schema-graph\">{\"@context\":\"https:\/\/schema.org\",\"@graph\":[{\"@type\":\"WebSite\",\"@id\":\"https:\/\/www.sivait.com\/#website\",\"url\":\"https:\/\/www.sivait.com\/\",\"name\":\"SIVAIT\",\"description\":\"\",\"potentialAction\":[{\"@type\":\"SearchAction\",\"target\":{\"@type\":\"EntryPoint\",\"urlTemplate\":\"https:\/\/www.sivait.com\/?s={search_term_string}\"},\"query-input\":\"required name=search_term_string\"}],\"inLanguage\":\"ca\"},{\"@type\":\"WebPage\",\"@id\":\"https:\/\/www.sivait.com\/index.php\/empresa\/#webpage\",\"url\":\"https:\/\/www.sivait.com\/index.php\/empresa\/\",\"name\":\"EMPRESA - SIVAIT\",\"isPartOf\":{\"@id\":\"https:\/\/www.sivait.com\/#website\"},\"datePublished\":\"2020-03-21T21:47:14+00:00\",\"dateModified\":\"2021-06-10T10:12:50+00:00\",\"breadcrumb\":{\"@id\":\"https:\/\/www.sivait.com\/index.php\/empresa\/#breadcrumb\"},\"inLanguage\":\"ca\",\"potentialAction\":[{\"@type\":\"ReadAction\",\"target\":[\"https:\/\/www.sivait.com\/index.php\/empresa\/\"]}]},{\"@type\":\"BreadcrumbList\",\"@id\":\"https:\/\/www.sivait.com\/index.php\/empresa\/#breadcrumb\",\"itemListElement\":[{\"@type\":\"ListItem\",\"position\":1,\"name\":\"Home\",\"item\":\"https:\/\/www.sivait.com\/\"},{\"@type\":\"ListItem\",\"position\":2,\"name\":\"EMPRESA\"}]}]}<\/script>\n<!-- \/ Yoast SEO plugin. -->","yoast_head_json":{"title":"EMPRESA - SIVAIT","robots":{"index":"index","follow":"follow","max-snippet":"max-snippet:-1","max-image-preview":"max-image-preview:large","max-video-preview":"max-video-preview:-1"},"canonical":"https:\/\/www.sivait.com\/index.php\/empresa\/","og_locale":"ca_ES","og_type":"article","og_title":"EMPRESA - SIVAIT","og_url":"https:\/\/www.sivait.com\/index.php\/empresa\/","og_site_name":"SIVAIT","article_modified_time":"2021-06-10T10:12:50+00:00","twitter_card":"summary_large_image","twitter_misc":{"Temps estimat de lectura":"2 minuts"},"schema":{"@context":"https:\/\/schema.org","@graph":[{"@type":"WebSite","@id":"https:\/\/www.sivait.com\/#website","url":"https:\/\/www.sivait.com\/","name":"SIVAIT","description":"","potentialAction":[{"@type":"SearchAction","target":{"@type":"EntryPoint","urlTemplate":"https:\/\/www.sivait.com\/?s={search_term_string}"},"query-input":"required name=search_term_string"}],"inLanguage":"ca"},{"@type":"WebPage","@id":"https:\/\/www.sivait.com\/index.php\/empresa\/#webpage","url":"https:\/\/www.sivait.com\/index.php\/empresa\/","name":"EMPRESA - SIVAIT","isPartOf":{"@id":"https:\/\/www.sivait.com\/#website"},"datePublished":"2020-03-21T21:47:14+00:00","dateModified":"2021-06-10T10:12:50+00:00","breadcrumb":{"@id":"https:\/\/www.sivait.com\/index.php\/empresa\/#breadcrumb"},"inLanguage":"ca","potentialAction":[{"@type":"ReadAction","target":["https:\/\/www.sivait.com\/index.php\/empresa\/"]}]},{"@type":"BreadcrumbList","@id":"https:\/\/www.sivait.com\/index.php\/empresa\/#breadcrumb","itemListElement":[{"@type":"ListItem","position":1,"name":"Home","item":"https:\/\/www.sivait.com\/"},{"@type":"ListItem","position":2,"name":"EMPRESA"}]}]}},"_links":{"self":[{"href":"https:\/\/www.sivait.com\/index.php\/wp-json\/wp\/v2\/pages\/367"}],"collection":[{"href":"https:\/\/www.sivait.com\/index.php\/wp-json\/wp\/v2\/pages"}],"about":[{"href":"https:\/\/www.sivait.com\/index.php\/wp-json\/wp\/v2\/types\/page"}],"author":[{"embeddable":true,"href":"https:\/\/www.sivait.com\/index.php\/wp-json\/wp\/v2\/users\/1"}],"replies":[{"embeddable":true,"href":"https:\/\/www.sivait.com\/index.php\/wp-json\/wp\/v2\/comments?post=367"}],"version-history":[{"count":54,"href":"https:\/\/www.sivait.com\/index.php\/wp-json\/wp\/v2\/pages\/367\/revisions"}],"predecessor-version":[{"id":1010,"href":"https:\/\/www.sivait.com\/index.php\/wp-json\/wp\/v2\/pages\/367\/revisions\/1010"}],"wp:attachment":[{"href":"https:\/\/www.sivait.com\/index.php\/wp-json\/wp\/v2\/media?parent=367"}],"curies":[{"name":"wp","href":"https:\/\/api.w.org\/{rel}","templated":true}]}}